{"id":38,"date":"2026-04-06T20:05:52","date_gmt":"2026-04-06T23:05:52","guid":{"rendered":"http:\/\/koudi.com.br\/index.php\/home\/"},"modified":"2026-04-06T21:46:52","modified_gmt":"2026-04-07T00:46:52","slug":"home","status":"publish","type":"page","link":"https:\/\/koudi.com.br\/","title":{"rendered":"Home"},"content":{"rendered":"\t\t<div data-elementor-type=\"wp-page\" data-elementor-id=\"38\" class=\"elementor elementor-38\" data-elementor-post-type=\"page\">\n\t\t\t\t<div class=\"elementor-element elementor-element-7426c920 e-flex e-con-boxed e-con e-parent\" data-id=\"7426c920\" data-element_type=\"container\" data-e-type=\"container\" data-settings=\"{&quot;background_background&quot;:&quot;video&quot;,&quot;background_video_link&quot;:&quot;https:\\\/\\\/youtu.be\\\/UkpvOUQWpmY&quot;}\">\n\t\t\t\t\t<div class=\"e-con-inner\">\n\t\t<div class=\"elementor-background-video-container elementor-hidden-mobile\">\n\t\t\t\t\t\t\t<div class=\"elementor-background-video-embed\" role=\"presentation\"><\/div>\n\t\t\t\t\t\t<\/div>\t\t<div class=\"elementor-element elementor-element-4a0fd027 elementor-widget elementor-widget-heading\" data-id=\"4a0fd027\" data-element_type=\"widget\" data-e-type=\"widget\" data-widget_type=\"heading.default\">\n\t\t\t\t\t<h1 class=\"elementor-heading-title elementor-size-default\">V\u00eddeos que explicam, vendem e posicionam sua marca.<\/h1>\t\t\t\t<\/div>\n\t\t\t\t<div class=\"elementor-element elementor-element-505bff5e elementor-widget elementor-widget-heading\" data-id=\"505bff5e\" data-element_type=\"widget\" data-e-type=\"widget\" data-widget_type=\"heading.default\">\n\t\t\t\t\t<h5 class=\"elementor-heading-title elementor-size-default\">Transformamos ideias em v\u00eddeos claros, din\u00e2micos e profissionais.<\/h5>\t\t\t\t<\/div>\n\t\t\t\t<div class=\"elementor-element elementor-element-4b7c188d elementor-align-center elementor-widget elementor-widget-button\" data-id=\"4b7c188d\" data-element_type=\"widget\" data-e-type=\"widget\" data-widget_type=\"button.default\">\n\t\t\t\t\t\t\t\t\t\t<a class=\"elementor-button elementor-button-link elementor-size-sm\" href=\"http:\/\/koudi.com.br\/#contato\">\n\t\t\t\t\t\t<span class=\"elementor-button-content-wrapper\">\n\t\t\t\t\t\t\t\t\t<span class=\"elementor-button-text\">FALAR COM A GENTE<\/span>\n\t\t\t\t\t<\/span>\n\t\t\t\t\t<\/a>\n\t\t\t\t\t\t\t\t<\/div>\n\t\t\t\t\t<\/div>\n\t\t\t\t<\/div>\n\t\t<div class=\"elementor-element elementor-element-fd64cc5 e-flex e-con-boxed e-con e-parent\" data-id=\"fd64cc5\" data-element_type=\"container\" data-e-type=\"container\">\n\t\t\t\t\t<div class=\"e-con-inner\">\n\t\t\t\t<div class=\"elementor-element elementor-element-5af63a0 elementor-widget elementor-widget-html\" data-id=\"5af63a0\" data-element_type=\"widget\" data-e-type=\"widget\" data-marquee=\"\" data-widget_type=\"html.default\">\n\t\t\t\t\t<script>\r\n  const getMarqueeNode = content => {\r\n  const el = document.createElement('div');\r\n  el.setAttribute('data-marquee-style', true);\r\n  el.textContent = content\r\n  return el;\r\n}\r\n\r\nclass Marquee {\r\n  constructor(el){\r\n    this.el = el;\r\n    this.content = el.getAttribute('data-marquee')\r\n    this.render();\r\n  }\r\n  \r\n  render(){\r\n    const shadow = getMarqueeNode(this.content);\r\n    shadow.setAttribute('data-marquee-shadow', true);\r\n\r\n    this.el.innerHTML = \"\";\r\n    this.el.appendChild(shadow);\r\n\r\n    const inView = this.calculateItemsInView(shadow);\r\n\r\n    const overflow = document.createElement('div');\r\n    overflow.setAttribute('data-marquee-overflow', true);\r\n    const content = document.createElement('div');\r\n    content.setAttribute('data-marquee-container', true);\r\n\r\n    overflow.appendChild(content);\r\n\r\n    const count = inView * 3;\r\n\r\n    for( var i = 0; i < count; i++) {\r\n      content.appendChild(getMarqueeNode(this.content))\r\n    }\r\n\r\n    this.el.appendChild(overflow);\r\n }\r\n  \r\n  calculateItemsInView(ref){\r\n    const [single, total] = [ref.clientWidth, ref.parentNode.clientWidth];\r\n    return Math.floor(total \/ single) + 1;\r\n  }\r\n}\r\n\r\nconst nodes = document.querySelectorAll('[data-marquee]')\r\nconst arr = Array.from(nodes);\r\nconst refs = (arr || []).map( node => new Marquee(node) );\r\n\r\nwindow.addEventListener( 'resize', () => refs.map( r => r.render() ) );\r\n<\/script>\t\t\t\t<\/div>\n\t\t\t\t\t<\/div>\n\t\t\t\t<\/div>\n\t\t<div class=\"elementor-element elementor-element-294cc845 e-con-full e-flex e-con e-parent\" data-id=\"294cc845\" data-element_type=\"container\" data-e-type=\"container\" data-settings=\"{&quot;background_background&quot;:&quot;classic&quot;}\">\n\t\t\t\t<div class=\"elementor-element elementor-element-5358ca67 elementor-widget elementor-widget-heading\" data-id=\"5358ca67\" data-element_type=\"widget\" data-e-type=\"widget\" id=\"reel\" data-widget_type=\"heading.default\">\n\t\t\t\t\t<h2 class=\"elementor-heading-title elementor-size-default\">Movimento, ritmo e inten\u00e7\u00e3o.<\/h2>\t\t\t\t<\/div>\n\t\t\t\t<div class=\"elementor-element elementor-element-595c7150 elementor-widget elementor-widget-heading\" data-id=\"595c7150\" data-element_type=\"widget\" data-e-type=\"widget\" data-widget_type=\"heading.default\">\n\t\t\t\t\t<h5 class=\"elementor-heading-title elementor-size-default\">\u00c9 assim que transformamos ideias em v\u00eddeo.<\/h5>\t\t\t\t<\/div>\n\t\t\t\t<div class=\"elementor-element elementor-element-130edc5 elementor-widget elementor-widget-video\" data-id=\"130edc5\" data-element_type=\"widget\" data-e-type=\"widget\" data-settings=\"{&quot;video_type&quot;:&quot;vimeo&quot;}\" data-widget_type=\"video.default\">\n\t\t\t\t\t\t\t<div class=\"elementor-wrapper elementor-open-inline\">\n\t\t\t<iframe class=\"elementor-video-iframe\" allowfullscreen allow=\"clipboard-write\" title=\"Reprodutor de v\u00eddeo vimeo\" src=\"https:\/\/player.vimeo.com\/video\/1179990567?color&amp;autopause=0&amp;loop=0&amp;muted=0&amp;title=0&amp;portrait=0&amp;byline=0#t=\"><\/iframe>\t\t<\/div>\n\t\t\t\t\t\t<\/div>\n\t\t\t\t<\/div>\n\t\t<div class=\"elementor-element elementor-element-93bf8ed e-con-full e-flex e-con e-parent\" data-id=\"93bf8ed\" data-element_type=\"container\" data-e-type=\"container\" data-settings=\"{&quot;background_background&quot;:&quot;classic&quot;}\">\n\t\t\t\t<div class=\"elementor-element elementor-element-cee3c19 elementor-widget elementor-widget-heading\" data-id=\"cee3c19\" data-element_type=\"widget\" data-e-type=\"widget\" id=\"projetos\" data-widget_type=\"heading.default\">\n\t\t\t\t\t<h2 class=\"elementor-heading-title elementor-size-default\">Um pouco do nosso trabalho.<\/h2>\t\t\t\t<\/div>\n\t\t\t\t<div class=\"elementor-element elementor-element-d7bab74 elementor-widget elementor-widget-heading\" data-id=\"d7bab74\" data-element_type=\"widget\" data-e-type=\"widget\" data-widget_type=\"heading.default\">\n\t\t\t\t\t<h5 class=\"elementor-heading-title elementor-size-default\">D\u00ea o play.<\/h5>\t\t\t\t<\/div>\n\t\t\t\t<div class=\"elementor-element elementor-element-9371cd9 elementor-skin-slideshow elementor-arrows-yes elementor-widget elementor-widget-media-carousel\" data-id=\"9371cd9\" data-element_type=\"widget\" data-e-type=\"widget\" data-settings=\"{&quot;skin&quot;:&quot;slideshow&quot;,&quot;slideshow_slides_per_view&quot;:&quot;4&quot;,&quot;effect&quot;:&quot;slide&quot;,&quot;show_arrows&quot;:&quot;yes&quot;,&quot;speed&quot;:500,&quot;autoplay&quot;:&quot;yes&quot;,&quot;autoplay_speed&quot;:5000,&quot;loop&quot;:&quot;yes&quot;,&quot;pause_on_hover&quot;:&quot;yes&quot;,&quot;pause_on_interaction&quot;:&quot;yes&quot;,&quot;space_between&quot;:{&quot;unit&quot;:&quot;px&quot;,&quot;size&quot;:10,&quot;sizes&quot;:[]},&quot;space_between_tablet&quot;:{&quot;unit&quot;:&quot;px&quot;,&quot;size&quot;:10,&quot;sizes&quot;:[]},&quot;space_between_mobile&quot;:{&quot;unit&quot;:&quot;px&quot;,&quot;size&quot;:10,&quot;sizes&quot;:[]}}\" data-widget_type=\"media-carousel.default\">\n\t\t\t\t\t\t\t\t\t\t<div class=\"elementor-main-swiper swiper\" role=\"region\" aria-roledescription=\"carousel\" aria-label=\"Slides\">\n\t\t\t\t<div class=\"swiper-wrapper\">\n\t\t\t\t\t\t\t\t\t\t\t<div class=\"swiper-slide\" role=\"group\" aria-roledescription=\"slide\">\n\t\t\t\t\t\t\t<a href=\"http:\/\/koudi.com.br\/wp-content\/uploads\/2026\/04\/thumb-2.jpg\" data-elementor-open-lightbox=\"yes\" data-elementor-lightbox-slideshow=\"9371cd9\" data-elementor-lightbox-title=\"thumb (2)\" data-e-action-hash=\"#elementor-action%3Aaction%3Dlightbox%26settings%3DeyJpZCI6NjcsInVybCI6Imh0dHBzOlwvXC9rb3VkaS5jb20uYnJcL3dwLWNvbnRlbnRcL3VwbG9hZHNcLzIwMjZcLzA0XC90aHVtYi0yLmpwZyIsInNsaWRlc2hvdyI6IjkzNzFjZDkifQ%3D%3D\" data-elementor-lightbox-video=\"https:\/\/player.vimeo.com\/video\/1180004461?autoplay=1&amp;rel=0&amp;controls=0#t=\">\t\t<div class=\"elementor-carousel-image\" role=\"img\" aria-label=\"thumb (2)\" style=\"background-image: url(&#039;https:\/\/koudi.com.br\/wp-content\/uploads\/2026\/04\/thumb-2.jpg&#039;)\">\n\n\t\t\t\n\t\t\t\t\t\t\t<div class=\"elementor-custom-embed-play\">\n\t\t\t\t\t<svg aria-hidden=\"true\" class=\"e-font-icon-svg e-eicon-play\" viewBox=\"0 0 1000 1000\" xmlns=\"http:\/\/www.w3.org\/2000\/svg\"><path d=\"M838 162C746 71 633 25 500 25 371 25 258 71 163 162 71 254 25 367 25 500 25 633 71 746 163 837 254 929 367 979 500 979 633 979 746 933 838 837 929 746 975 633 975 500 975 367 929 254 838 162M808 192C892 279 933 379 933 500 933 621 892 725 808 808 725 892 621 938 500 938 379 938 279 896 196 808 113 725 67 621 67 500 67 379 108 279 196 192 279 108 383 62 500 62 621 62 721 108 808 192M438 392V642L642 517 438 392Z\"><\/path><\/svg>\t\t\t\t\t<span class=\"elementor-screen-only\">Play<\/span>\n\t\t\t\t<\/div>\n\t\t\t\t\t<\/div>\n\t\t<\/a>\t\t\t\t\t\t<\/div>\n\t\t\t\t\t\t\t\t\t\t\t<div class=\"swiper-slide\" role=\"group\" aria-roledescription=\"slide\">\n\t\t\t\t\t\t\t<a href=\"http:\/\/koudi.com.br\/wp-content\/uploads\/2026\/04\/thumb-3.jpg\" data-elementor-open-lightbox=\"yes\" data-elementor-lightbox-slideshow=\"9371cd9\" data-elementor-lightbox-title=\"thumb (3)\" data-e-action-hash=\"#elementor-action%3Aaction%3Dlightbox%26settings%3DeyJpZCI6NjgsInVybCI6Imh0dHBzOlwvXC9rb3VkaS5jb20uYnJcL3dwLWNvbnRlbnRcL3VwbG9hZHNcLzIwMjZcLzA0XC90aHVtYi0zLmpwZyIsInNsaWRlc2hvdyI6IjkzNzFjZDkifQ%3D%3D\" data-elementor-lightbox-video=\"https:\/\/player.vimeo.com\/video\/1180004807?autoplay=1&amp;rel=0&amp;controls=0#t=\">\t\t<div class=\"elementor-carousel-image\" role=\"img\" aria-label=\"thumb (3)\" style=\"background-image: url(&#039;https:\/\/koudi.com.br\/wp-content\/uploads\/2026\/04\/thumb-3.jpg&#039;)\">\n\n\t\t\t\n\t\t\t\t\t\t\t<div class=\"elementor-custom-embed-play\">\n\t\t\t\t\t<svg aria-hidden=\"true\" class=\"e-font-icon-svg e-eicon-play\" viewBox=\"0 0 1000 1000\" xmlns=\"http:\/\/www.w3.org\/2000\/svg\"><path d=\"M838 162C746 71 633 25 500 25 371 25 258 71 163 162 71 254 25 367 25 500 25 633 71 746 163 837 254 929 367 979 500 979 633 979 746 933 838 837 929 746 975 633 975 500 975 367 929 254 838 162M808 192C892 279 933 379 933 500 933 621 892 725 808 808 725 892 621 938 500 938 379 938 279 896 196 808 113 725 67 621 67 500 67 379 108 279 196 192 279 108 383 62 500 62 621 62 721 108 808 192M438 392V642L642 517 438 392Z\"><\/path><\/svg>\t\t\t\t\t<span class=\"elementor-screen-only\">Play<\/span>\n\t\t\t\t<\/div>\n\t\t\t\t\t<\/div>\n\t\t<\/a>\t\t\t\t\t\t<\/div>\n\t\t\t\t\t\t\t\t\t\t\t<div class=\"swiper-slide\" role=\"group\" aria-roledescription=\"slide\">\n\t\t\t\t\t\t\t<a href=\"http:\/\/koudi.com.br\/wp-content\/uploads\/2026\/04\/thumb-1.jpg\" data-elementor-open-lightbox=\"yes\" data-elementor-lightbox-slideshow=\"9371cd9\" data-elementor-lightbox-title=\"thumb (1)\" data-e-action-hash=\"#elementor-action%3Aaction%3Dlightbox%26settings%3DeyJpZCI6NjksInVybCI6Imh0dHBzOlwvXC9rb3VkaS5jb20uYnJcL3dwLWNvbnRlbnRcL3VwbG9hZHNcLzIwMjZcLzA0XC90aHVtYi0xLmpwZyIsInNsaWRlc2hvdyI6IjkzNzFjZDkifQ%3D%3D\" data-elementor-lightbox-video=\"https:\/\/player.vimeo.com\/video\/1180004201?autoplay=1&amp;rel=0&amp;controls=0#t=\">\t\t<div class=\"elementor-carousel-image\" role=\"img\" aria-label=\"thumb (1)\" style=\"background-image: url(&#039;https:\/\/koudi.com.br\/wp-content\/uploads\/2026\/04\/thumb-1.jpg&#039;)\">\n\n\t\t\t\n\t\t\t\t\t\t\t<div class=\"elementor-custom-embed-play\">\n\t\t\t\t\t<svg aria-hidden=\"true\" class=\"e-font-icon-svg e-eicon-play\" viewBox=\"0 0 1000 1000\" xmlns=\"http:\/\/www.w3.org\/2000\/svg\"><path d=\"M838 162C746 71 633 25 500 25 371 25 258 71 163 162 71 254 25 367 25 500 25 633 71 746 163 837 254 929 367 979 500 979 633 979 746 933 838 837 929 746 975 633 975 500 975 367 929 254 838 162M808 192C892 279 933 379 933 500 933 621 892 725 808 808 725 892 621 938 500 938 379 938 279 896 196 808 113 725 67 621 67 500 67 379 108 279 196 192 279 108 383 62 500 62 621 62 721 108 808 192M438 392V642L642 517 438 392Z\"><\/path><\/svg>\t\t\t\t\t<span class=\"elementor-screen-only\">Play<\/span>\n\t\t\t\t<\/div>\n\t\t\t\t\t<\/div>\n\t\t<\/a>\t\t\t\t\t\t<\/div>\n\t\t\t\t\t\t\t\t\t\t\t<div class=\"swiper-slide\" role=\"group\" aria-roledescription=\"slide\">\n\t\t\t\t\t\t\t<a href=\"http:\/\/koudi.com.br\/wp-content\/uploads\/2026\/04\/thumb.jpg\" data-elementor-open-lightbox=\"yes\" data-elementor-lightbox-slideshow=\"9371cd9\" data-elementor-lightbox-title=\"thumb\" data-e-action-hash=\"#elementor-action%3Aaction%3Dlightbox%26settings%3DeyJpZCI6NzAsInVybCI6Imh0dHBzOlwvXC9rb3VkaS5jb20uYnJcL3dwLWNvbnRlbnRcL3VwbG9hZHNcLzIwMjZcLzA0XC90aHVtYi5qcGciLCJzbGlkZXNob3ciOiI5MzcxY2Q5In0%3D\" data-elementor-lightbox-video=\"https:\/\/player.vimeo.com\/video\/1180003452?autoplay=1&amp;rel=0&amp;controls=0#t=\">\t\t<div class=\"elementor-carousel-image\" role=\"img\" aria-label=\"thumb\" style=\"background-image: url(&#039;https:\/\/koudi.com.br\/wp-content\/uploads\/2026\/04\/thumb.jpg&#039;)\">\n\n\t\t\t\n\t\t\t\t\t\t\t<div class=\"elementor-custom-embed-play\">\n\t\t\t\t\t<svg aria-hidden=\"true\" class=\"e-font-icon-svg e-eicon-play\" viewBox=\"0 0 1000 1000\" xmlns=\"http:\/\/www.w3.org\/2000\/svg\"><path d=\"M838 162C746 71 633 25 500 25 371 25 258 71 163 162 71 254 25 367 25 500 25 633 71 746 163 837 254 929 367 979 500 979 633 979 746 933 838 837 929 746 975 633 975 500 975 367 929 254 838 162M808 192C892 279 933 379 933 500 933 621 892 725 808 808 725 892 621 938 500 938 379 938 279 896 196 808 113 725 67 621 67 500 67 379 108 279 196 192 279 108 383 62 500 62 621 62 721 108 808 192M438 392V642L642 517 438 392Z\"><\/path><\/svg>\t\t\t\t\t<span class=\"elementor-screen-only\">Play<\/span>\n\t\t\t\t<\/div>\n\t\t\t\t\t<\/div>\n\t\t<\/a>\t\t\t\t\t\t<\/div>\n\t\t\t\t\t\t\t\t\t<\/div>\n\t\t\t\t\t\t\t\t\t\t\t\t\t\t\t<div class=\"elementor-swiper-button elementor-swiper-button-prev\" role=\"button\" tabindex=\"0\" aria-label=\"Previous\">\n\t\t\t\t\t\t\t<svg aria-hidden=\"true\" class=\"e-font-icon-svg e-eicon-chevron-left\" viewBox=\"0 0 1000 1000\" xmlns=\"http:\/\/www.w3.org\/2000\/svg\"><path d=\"M646 125C629 125 613 133 604 142L308 442C296 454 292 471 292 487 292 504 296 521 308 533L604 854C617 867 629 875 646 875 663 875 679 871 692 858 704 846 713 829 713 812 713 796 708 779 692 767L438 487 692 225C700 217 708 204 708 187 708 171 704 154 692 142 675 129 663 125 646 125Z\"><\/path><\/svg>\t\t\t\t\t\t<\/div>\n\t\t\t\t\t\t<div class=\"elementor-swiper-button elementor-swiper-button-next\" role=\"button\" tabindex=\"0\" aria-label=\"Next\">\n\t\t\t\t\t\t\t<svg aria-hidden=\"true\" class=\"e-font-icon-svg e-eicon-chevron-right\" viewBox=\"0 0 1000 1000\" xmlns=\"http:\/\/www.w3.org\/2000\/svg\"><path d=\"M696 533C708 521 713 504 713 487 713 471 708 454 696 446L400 146C388 133 375 125 354 125 338 125 325 129 313 142 300 154 292 171 292 187 292 204 296 221 308 233L563 492 304 771C292 783 288 800 288 817 288 833 296 850 308 863 321 871 338 875 354 875 371 875 388 867 400 854L696 533Z\"><\/path><\/svg>\t\t\t\t\t\t<\/div>\n\t\t\t\t\t\t\t\t\t\t\t\t\t\t\t\t\t<\/div>\n\t\t\t\t\t\t\t\t\t<div class=\"elementor-main-swiper swiper elementor-thumbnails-swiper swiper\" role=\"region region\" aria-roledescription=\"carousel carousel\" aria-label=\"Slides Slides\">\n\t\t\t\t<div class=\"swiper-wrapper\">\n\t\t\t\t\t\t\t\t\t\t\t<div class=\"swiper-slide\" role=\"group\" aria-roledescription=\"slide\">\n\t\t\t\t\t\t\t\t\t<div class=\"elementor-carousel-image\" role=\"img\" aria-label=\"thumb (2)\" style=\"background-image: url(&#039;https:\/\/koudi.com.br\/wp-content\/uploads\/2026\/04\/thumb-2.jpg&#039;)\">\n\n\t\t\t\n\t\t\t\t\t<\/div>\n\t\t<\/a>\t\t\t\t\t\t<\/div>\n\t\t\t\t\t\t\t\t\t\t\t<div class=\"swiper-slide\" role=\"group\" aria-roledescription=\"slide\">\n\t\t\t\t\t\t\t\t\t<div class=\"elementor-carousel-image\" role=\"img\" aria-label=\"thumb (3)\" style=\"background-image: url(&#039;https:\/\/koudi.com.br\/wp-content\/uploads\/2026\/04\/thumb-3.jpg&#039;)\">\n\n\t\t\t\n\t\t\t\t\t<\/div>\n\t\t<\/a>\t\t\t\t\t\t<\/div>\n\t\t\t\t\t\t\t\t\t\t\t<div class=\"swiper-slide\" role=\"group\" aria-roledescription=\"slide\">\n\t\t\t\t\t\t\t\t\t<div class=\"elementor-carousel-image\" role=\"img\" aria-label=\"thumb (1)\" style=\"background-image: url(&#039;https:\/\/koudi.com.br\/wp-content\/uploads\/2026\/04\/thumb-1.jpg&#039;)\">\n\n\t\t\t\n\t\t\t\t\t<\/div>\n\t\t<\/a>\t\t\t\t\t\t<\/div>\n\t\t\t\t\t\t\t\t\t\t\t<div class=\"swiper-slide\" role=\"group\" aria-roledescription=\"slide\">\n\t\t\t\t\t\t\t\t\t<div class=\"elementor-carousel-image\" role=\"img\" aria-label=\"thumb\" style=\"background-image: url(&#039;https:\/\/koudi.com.br\/wp-content\/uploads\/2026\/04\/thumb.jpg&#039;)\">\n\n\t\t\t\n\t\t\t\t\t<\/div>\n\t\t<\/a>\t\t\t\t\t\t<\/div>\n\t\t\t\t\t\t\t\t\t<\/div>\n\t\t\t\t\t\t\t\t\t\t\t\t\t\t\t\t\t\t\t\t\t<\/div>\n\t\t\t\t\t\t\t\t<\/div>\n\t\t\t\t<\/div>\n\t\t<div class=\"elementor-element elementor-element-466e6448 e-con-full e-flex e-con e-parent\" data-id=\"466e6448\" data-element_type=\"container\" data-e-type=\"container\" id=\"contato\" data-settings=\"{&quot;background_background&quot;:&quot;classic&quot;}\">\n\t\t<div class=\"elementor-element elementor-element-64baf2cb e-con-full e-flex e-con e-child\" data-id=\"64baf2cb\" data-element_type=\"container\" data-e-type=\"container\">\n\t\t\t\t<div class=\"elementor-element elementor-element-439cd7c4 elementor-widget elementor-widget-heading\" data-id=\"439cd7c4\" data-element_type=\"widget\" data-e-type=\"widget\" data-widget_type=\"heading.default\">\n\t\t\t\t\t<h2 class=\"elementor-heading-title elementor-size-default\">Vamos tirar sua ideia do papel?<\/h2>\t\t\t\t<\/div>\n\t\t\t\t\t\t\t\t<p class=\"e-82efad8-cf9d5c4 e-paragraph-base\" data-interaction-id=\"82efad8\"  >\n\t\t\t\t\t\t\t\t<strong id=\"e-mnntziif-uu983lr\">Conta um pouco sobre o que voc\u00ea precisa.<\/strong> A gente entra em contato pra entender melhor e te ajudar a transformar isso em v\u00eddeo.\n\t\t\t\t\t<\/p>\n\t\t\t\t<\/div>\n\t\t<div class=\"elementor-element elementor-element-5a16065 e-con-full e-flex e-con e-child\" data-id=\"5a16065\" data-element_type=\"container\" data-e-type=\"container\">\n\t\t\t\t<div class=\"elementor-element elementor-element-f05f601 elementor-button-align-stretch elementor-widget elementor-widget-form\" data-id=\"f05f601\" data-element_type=\"widget\" data-e-type=\"widget\" data-settings=\"{&quot;button_width&quot;:&quot;70&quot;,&quot;step_next_label&quot;:&quot;Next&quot;,&quot;step_previous_label&quot;:&quot;Previous&quot;,&quot;step_type&quot;:&quot;number_text&quot;,&quot;step_icon_shape&quot;:&quot;circle&quot;}\" data-widget_type=\"form.default\">\n\t\t\t\t\t\t\t<form class=\"elementor-form\" method=\"post\" name=\"New Form\" aria-label=\"New Form\">\n\t\t\t<input type=\"hidden\" name=\"post_id\" value=\"38\"\/>\n\t\t\t<input type=\"hidden\" name=\"form_id\" value=\"f05f601\"\/>\n\t\t\t<input type=\"hidden\" name=\"referer_title\" value=\"\" \/>\n\n\t\t\t\t\t\t\t<input type=\"hidden\" name=\"queried_id\" value=\"38\"\/>\n\t\t\t\n\t\t\t<div class=\"elementor-form-fields-wrapper elementor-labels-above\">\n\t\t\t\t\t\t\t\t<div class=\"elementor-field-type-text elementor-field-group elementor-column elementor-field-group-name elementor-col-70\">\n\t\t\t\t\t\t\t\t\t\t\t\t\t<input size=\"1\" type=\"text\" name=\"form_fields[name]\" id=\"form-field-name\" class=\"elementor-field elementor-size-md  elementor-field-textual\" placeholder=\"Seu nome\">\n\t\t\t\t\t\t\t\t\t\t\t<\/div>\n\t\t\t\t\t\t\t\t<div class=\"elementor-field-type-email elementor-field-group elementor-column elementor-field-group-email elementor-col-70 elementor-field-required\">\n\t\t\t\t\t\t\t\t\t\t\t\t\t<input size=\"1\" type=\"email\" name=\"form_fields[email]\" id=\"form-field-email\" class=\"elementor-field elementor-size-md  elementor-field-textual\" placeholder=\"Seu e-mail\" required=\"required\">\n\t\t\t\t\t\t\t\t\t\t\t<\/div>\n\t\t\t\t\t\t\t\t<div class=\"elementor-field-type-textarea elementor-field-group elementor-column elementor-field-group-message elementor-col-70\">\n\t\t\t\t\t<textarea class=\"elementor-field-textual elementor-field  elementor-size-md\" name=\"form_fields[message]\" id=\"form-field-message\" rows=\"4\" placeholder=\"Conta tudo!\"><\/textarea>\t\t\t\t<\/div>\n\t\t\t\t\t\t\t\t<div class=\"elementor-field-group elementor-column elementor-field-type-submit elementor-col-70 e-form__buttons\">\n\t\t\t\t\t<button class=\"elementor-button elementor-size-sm\" type=\"submit\">\n\t\t\t\t\t\t<span class=\"elementor-button-content-wrapper\">\n\t\t\t\t\t\t\t\t\t\t\t\t\t\t\t\t\t\t\t\t\t\t<span class=\"elementor-button-text\">Enviar<\/span>\n\t\t\t\t\t\t\t\t\t\t\t\t\t<\/span>\n\t\t\t\t\t<\/button>\n\t\t\t\t<\/div>\n\t\t\t<\/div>\n\t\t<\/form>\n\t\t\t\t\t\t<\/div>\n\t\t\t\t<\/div>\n\t\t\t\t<\/div>\n\t\t<div class=\"elementor-element elementor-element-b2c3d5c e-flex e-con-boxed e-con e-parent\" data-id=\"b2c3d5c\" data-element_type=\"container\" data-e-type=\"container\">\n\t\t\t\t\t<div class=\"e-con-inner\">\n\t\t\t\t<div class=\"elementor-element elementor-element-e7a93ac elementor-widget elementor-widget-html\" data-id=\"e7a93ac\" data-element_type=\"widget\" data-e-type=\"widget\" data-widget_type=\"html.default\">\n\t\t\t\t\t<script src=\"https:\/\/unpkg.com\/lenis@1.1.18\/dist\/lenis.min.js\"><\/script>\r\n<link rel=\"stylesheet\" href=\"https:\/\/unpkg.com\/lenis@1.1.18\/dist\/lenis.css\">\r\n\r\n<script>\r\n    const lenis = new Lenis({\r\n      duration: 1.2,\r\n    })\r\n    \r\n    function raf(time) {\r\n      lenis.raf(time)\r\n      requestAnimationFrame(raf)\r\n    }\r\n    \r\n    requestAnimationFrame(raf)\r\n<\/script>\t\t\t\t<\/div>\n\t\t\t\t\t<\/div>\n\t\t\t\t<\/div>\n\t\t\t\t<\/div>\n\t\t","protected":false},"excerpt":{"rendered":"<p>V\u00eddeos que explicam, vendem e posicionam sua marca. Transformamos ideias em v\u00eddeos claros, din\u00e2micos e profissionais. FALAR COM A GENTE Movimento, ritmo e inten\u00e7\u00e3o. \u00c9 assim que transformamos ideias em v\u00eddeo. https:\/\/vimeo.com\/1179990567?share=copy&#038;fl=sv&#038;fe=ci Um pouco do nosso trabalho. D\u00ea o play. Play Play Play Play Vamos tirar sua ideia do papel? Conta um pouco sobre o [&hellip;]<\/p>\n","protected":false},"author":1,"featured_media":42,"parent":0,"menu_order":0,"comment_status":"closed","ping_status":"closed","template":"elementor_header_footer","meta":{"footnotes":""},"class_list":["post-38","page","type-page","status-publish","has-post-thumbnail","hentry"],"_links":{"self":[{"href":"https:\/\/koudi.com.br\/index.php\/wp-json\/wp\/v2\/pages\/38","targetHints":{"allow":["GET"]}}],"collection":[{"href":"https:\/\/koudi.com.br\/index.php\/wp-json\/wp\/v2\/pages"}],"about":[{"href":"https:\/\/koudi.com.br\/index.php\/wp-json\/wp\/v2\/types\/page"}],"author":[{"embeddable":true,"href":"https:\/\/koudi.com.br\/index.php\/wp-json\/wp\/v2\/users\/1"}],"replies":[{"embeddable":true,"href":"https:\/\/koudi.com.br\/index.php\/wp-json\/wp\/v2\/comments?post=38"}],"version-history":[{"count":37,"href":"https:\/\/koudi.com.br\/index.php\/wp-json\/wp\/v2\/pages\/38\/revisions"}],"predecessor-version":[{"id":114,"href":"https:\/\/koudi.com.br\/index.php\/wp-json\/wp\/v2\/pages\/38\/revisions\/114"}],"wp:featuredmedia":[{"embeddable":true,"href":"https:\/\/koudi.com.br\/index.php\/wp-json\/wp\/v2\/media\/42"}],"wp:attachment":[{"href":"https:\/\/koudi.com.br\/index.php\/wp-json\/wp\/v2\/media?parent=38"}],"curies":[{"name":"wp","href":"https:\/\/api.w.org\/{rel}","templated":true}]}}